{"id":1105,"date":"2024-02-04T13:08:30","date_gmt":"2024-02-04T12:08:30","guid":{"rendered":"https:\/\/coach-bien-etre-sante.fr\/?page_id=1105"},"modified":"2026-04-07T11:19:52","modified_gmt":"2026-04-07T09:19:52","slug":"accompagnement","status":"publish","type":"page","link":"https:\/\/www.coach-bien-etre-sante.fr\/index.php\/accompagnement\/","title":{"rendered":"Accompagnement"},"content":{"rendered":"\t\t<div data-elementor-type=\"wp-page\" data-elementor-id=\"1105\" class=\"elementor elementor-1105\">\n\t\t\t\t<div class=\"elementor-element elementor-element-2fe1d25 e-flex e-con-boxed e-con e-parent\" data-id=\"2fe1d25\" data-element_type=\"container\" data-settings=\"{&quot;content_width&quot;:&quot;boxed&quot;}\" data-core-v316-plus=\"true\">\n\t\t\t\t\t<div class=\"e-con-inner\">\n\t\t\t\t<div class=\"elementor-element elementor-element-ee02034 elementor-widget elementor-widget-heading\" data-id=\"ee02034\" data-element_type=\"widget\" data-widget_type=\"heading.default\">\n\t\t\t\t<div class=\"elementor-widget-container\">\n\t\t\t<style>\/*! elementor - v3.19.0 - 26-02-2024 *\/\n.elementor-heading-title{padding:0;margin:0;line-height:1}.elementor-widget-heading .elementor-heading-title[class*=elementor-size-]>a{color:inherit;font-size:inherit;line-height:inherit}.elementor-widget-heading .elementor-heading-title.elementor-size-small{font-size:15px}.elementor-widget-heading .elementor-heading-title.elementor-size-medium{font-size:19px}.elementor-widget-heading .elementor-heading-title.elementor-size-large{font-size:29px}.elementor-widget-heading .elementor-heading-title.elementor-size-xl{font-size:39px}.elementor-widget-heading .elementor-heading-title.elementor-size-xxl{font-size:59px}<\/style><h2 class=\"elementor-heading-title elementor-size-default\">OBJECTIFS DE LA LIBERATION EMOTIONNELLE<\/h2>\t\t<\/div>\n\t\t\t\t<\/div>\n\t\t\t\t\t<\/div>\n\t\t\t\t<\/div>\n\t\t<div class=\"elementor-element elementor-element-04b2d18 e-flex e-con-boxed e-con e-parent\" data-id=\"04b2d18\" data-element_type=\"container\" data-settings=\"{&quot;content_width&quot;:&quot;boxed&quot;}\" data-core-v316-plus=\"true\">\n\t\t\t\t\t<div class=\"e-con-inner\">\n\t\t<div class=\"elementor-element elementor-element-782e63f e-con-full e-flex e-con e-child\" data-id=\"782e63f\" data-element_type=\"container\" data-settings=\"{&quot;content_width&quot;:&quot;full&quot;}\">\n\t\t\t\t<div class=\"elementor-element elementor-element-9b39b93 elementor-widget elementor-widget-image\" data-id=\"9b39b93\" data-element_type=\"widget\" data-widget_type=\"image.default\">\n\t\t\t\t<div class=\"elementor-widget-container\">\n\t\t\t<style>\/*! elementor - v3.19.0 - 26-02-2024 *\/\n.elementor-widget-image{text-align:center}.elementor-widget-image a{display:inline-block}.elementor-widget-image a img[src$=\".svg\"]{width:48px}.elementor-widget-image img{vertical-align:middle;display:inline-block}<\/style>\t\t\t\t\t\t\t\t\t\t<img fetchpriority=\"high\" decoding=\"async\" width=\"640\" height=\"960\" src=\"https:\/\/www.coach-bien-etre-sante.fr\/wp-content\/uploads\/2026\/02\/IMG-20250708-WA0062.jpg\" class=\"attachment-large size-large wp-image-1649\" alt=\"\" srcset=\"https:\/\/www.coach-bien-etre-sante.fr\/wp-content\/uploads\/2026\/02\/IMG-20250708-WA0062.jpg 640w, https:\/\/www.coach-bien-etre-sante.fr\/wp-content\/uploads\/2026\/02\/IMG-20250708-WA0062-200x300.jpg 200w\" sizes=\"(max-width: 640px) 100vw, 640px\" \/>\t\t\t\t\t\t\t\t\t\t\t\t\t<\/div>\n\t\t\t\t<\/div>\n\t\t\t\t<\/div>\n\t\t<div class=\"elementor-element elementor-element-903003d e-con-full e-flex e-con e-child\" data-id=\"903003d\" data-element_type=\"container\" data-settings=\"{&quot;content_width&quot;:&quot;full&quot;}\">\n\t\t\t\t<div class=\"elementor-element elementor-element-1529cec elementor-widget elementor-widget-text-editor\" data-id=\"1529cec\" data-element_type=\"widget\" data-widget_type=\"text-editor.default\">\n\t\t\t\t<div class=\"elementor-widget-container\">\n\t\t\t<style>\/*! elementor - v3.19.0 - 26-02-2024 *\/\n.elementor-widget-text-editor.elementor-drop-cap-view-stacked .elementor-drop-cap{background-color:#69727d;color:#fff}.elementor-widget-text-editor.elementor-drop-cap-view-framed .elementor-drop-cap{color:#69727d;border:3px solid;background-color:transparent}.elementor-widget-text-editor:not(.elementor-drop-cap-view-default) .elementor-drop-cap{margin-top:8px}.elementor-widget-text-editor:not(.elementor-drop-cap-view-default) .elementor-drop-cap-letter{width:1em;height:1em}.elementor-widget-text-editor .elementor-drop-cap{float:left;text-align:center;line-height:1;font-size:50px}.elementor-widget-text-editor .elementor-drop-cap-letter{display:inline-block}<\/style>\t\t\t\t\t\t\t\t\t\t<\/div>\n\t\t\t\t<\/div>\n\t\t\t\t<div class=\"elementor-element elementor-element-cce8f2e elementor-widget elementor-widget-text-editor\" data-id=\"cce8f2e\" data-element_type=\"widget\" data-widget_type=\"text-editor.default\">\n\t\t\t\t<div class=\"elementor-widget-container\">\n\t\t\t\t\t\t\t<p>Gr\u00e2ce \u00e0 des protocoles simples, issus de la kin\u00e9siologie, de l&rsquo;EMDR et de la digitoponcture, je vais identifier avec vous les causes profondes de vos difficult\u00e9s et vous permettre d&rsquo;en prendre conscience.<\/p><p>Les peurs, les croyances et les sch\u00e9mas de pens\u00e9es qui\u00a0 bloquent votre \u00e9panouissement et votre motivation, seront progressivement d\u00e9programm\u00e9s. Vous allez apprendre \u00e0 sortir de vos pens\u00e9es obsessionnelles, \u00e0 apaiser vos blessures et \u00e0 d\u00e9passer vos fonctionnements automatiques qui vous enferment, pour enfin \u00eatre authentique et align\u00e9 avec qui vous \u00eates r\u00e9ellement. D\u00e9couvrir qui vous \u00eates loin du regard des autres et de son influence.<\/p><p>Vos blocages vont cesser de diriger votre vie.<\/p><p>Un vrai renouveau s&rsquo;installe, pour un l\u00e2cher-prise apaisant, accompagn\u00e9 d&rsquo;une confiance et d&rsquo; une estime de vous n\u00e9cessaire \u00e0 cette\u00a0 transformation profonde et durable.<\/p>\t\t\t\t\t\t<\/div>\n\t\t\t\t<\/div>\n\t\t\t\t<\/div>\n\t\t\t\t\t<\/div>\n\t\t\t\t<\/div>\n\t\t<div class=\"elementor-element elementor-element-59fca17 e-flex e-con-boxed e-con e-parent\" data-id=\"59fca17\" data-element_type=\"container\" data-settings=\"{&quot;content_width&quot;:&quot;boxed&quot;}\" data-core-v316-plus=\"true\">\n\t\t\t\t\t<div class=\"e-con-inner\">\n\t\t\t\t<div class=\"elementor-element elementor-element-70bea9e elementor-widget__width-initial elementor-widget elementor-widget-heading\" data-id=\"70bea9e\" data-element_type=\"widget\" data-widget_type=\"heading.default\">\n\t\t\t\t<div class=\"elementor-widget-container\">\n\t\t\t<h2 class=\"elementor-heading-title elementor-size-default\">SOINS PSYCHO-CORPORELS<\/h2>\t\t<\/div>\n\t\t\t\t<\/div>\n\t\t\t\t\t<\/div>\n\t\t\t\t<\/div>\n\t\t<div class=\"elementor-element elementor-element-8aaed37 e-flex e-con-boxed e-con e-parent\" data-id=\"8aaed37\" data-element_type=\"container\" data-settings=\"{&quot;content_width&quot;:&quot;boxed&quot;}\" data-core-v316-plus=\"true\">\n\t\t\t\t\t<div class=\"e-con-inner\">\n\t\t<div class=\"elementor-element elementor-element-6c783c5 e-con-full e-flex e-con e-child\" data-id=\"6c783c5\" data-element_type=\"container\" data-settings=\"{&quot;content_width&quot;:&quot;full&quot;}\">\n\t\t\t\t<div class=\"elementor-element elementor-element-3a4f985 elementor-widget elementor-widget-text-editor\" data-id=\"3a4f985\" data-element_type=\"widget\" data-widget_type=\"text-editor.default\">\n\t\t\t\t<div class=\"elementor-widget-container\">\n\t\t\t\t\t\t\t<p><strong><span style=\"font-size: 18px;\">FASCIATHERAPIE BIEN-\u00caTRE<\/span><\/strong><\/p><p>Dans la recherche d&rsquo;un \u00e9quilibre \u00e9motionnel, le corps joue un grand r\u00f4le.<\/p><p>Les fascias sont des membranes qui enveloppent toutes les structures du corps (os, muscles, visc\u00e8res, syst\u00e8me vasculaire et nerveux &#8230; ) et les relient entre elles.<\/p><p>Le toucher utilis\u00e9 lors d&rsquo;un soin en fasciath\u00e9rapie, est une approche manuelle douce qui sollicite les capacit\u00e9s d&rsquo;auto-r\u00e9gulation du corps.<\/p><p>Un soin permet de rel\u00e2cher les tensions corporelles li\u00e9es \u00e0 notre \u00e9tat \u00e9motionnel.<\/p><p>Comme nos pens\u00e9es et nos ressentis corporels\u00a0 sont intimement li\u00e9s, votre nouvelle perception du corps permet de d\u00e9velopper votre confiance et votre r\u00e9silience.<\/p><p>Le corps devient un v\u00e9ritable rep\u00e8re, un guide pour ajuster vos pens\u00e9es et votre comportement.<\/p><p>Un bien-\u00eatre durable s&rsquo;installe.<\/p>\t\t\t\t\t\t<\/div>\n\t\t\t\t<\/div>\n\t\t\t\t<\/div>\n\t\t<div class=\"elementor-element elementor-element-7fe61d3 e-con-full e-flex e-con e-child\" data-id=\"7fe61d3\" data-element_type=\"container\" data-settings=\"{&quot;content_width&quot;:&quot;full&quot;}\">\n\t\t\t\t<div class=\"elementor-element elementor-element-1ee2d48 elementor-widget elementor-widget-image\" data-id=\"1ee2d48\" data-element_type=\"widget\" data-widget_type=\"image.default\">\n\t\t\t\t<div class=\"elementor-widget-container\">\n\t\t\t\t\t\t\t\t\t\t\t\t\t<img decoding=\"async\" width=\"640\" height=\"960\" src=\"https:\/\/www.coach-bien-etre-sante.fr\/wp-content\/uploads\/2026\/02\/IMG-20250708-WA0054.jpg\" class=\"attachment-large size-large wp-image-1650\" alt=\"\" srcset=\"https:\/\/www.coach-bien-etre-sante.fr\/wp-content\/uploads\/2026\/02\/IMG-20250708-WA0054.jpg 640w, https:\/\/www.coach-bien-etre-sante.fr\/wp-content\/uploads\/2026\/02\/IMG-20250708-WA0054-200x300.jpg 200w\" sizes=\"(max-width: 640px) 100vw, 640px\" \/>\t\t\t\t\t\t\t\t\t\t\t\t\t<\/div>\n\t\t\t\t<\/div>\n\t\t\t\t<\/div>\n\t\t\t\t\t<\/div>\n\t\t\t\t<\/div>\n\t\t<div class=\"elementor-element elementor-element-2388d61 e-flex e-con-boxed e-con e-parent\" data-id=\"2388d61\" data-element_type=\"container\" data-settings=\"{&quot;content_width&quot;:&quot;boxed&quot;}\" data-core-v316-plus=\"true\">\n\t\t\t\t\t<div class=\"e-con-inner\">\n\t\t\t\t<div class=\"elementor-element elementor-element-9439458 elementor-widget elementor-widget-heading\" data-id=\"9439458\" data-element_type=\"widget\" data-widget_type=\"heading.default\">\n\t\t\t\t<div class=\"elementor-widget-container\">\n\t\t\t<h2 class=\"elementor-heading-title elementor-size-default\">GESTUELLE SENSORIELLE<\/h2>\t\t<\/div>\n\t\t\t\t<\/div>\n\t\t\t\t\t<\/div>\n\t\t\t\t<\/div>\n\t\t<div class=\"elementor-element elementor-element-43cae65 e-flex e-con-boxed e-con e-parent\" data-id=\"43cae65\" data-element_type=\"container\" data-settings=\"{&quot;content_width&quot;:&quot;boxed&quot;}\" data-core-v316-plus=\"true\">\n\t\t\t\t\t<div class=\"e-con-inner\">\n\t\t\t\t<div class=\"elementor-element elementor-element-7bff415 elementor-widget elementor-widget-text-editor\" data-id=\"7bff415\" data-element_type=\"widget\" data-widget_type=\"text-editor.default\">\n\t\t\t\t<div class=\"elementor-widget-container\">\n\t\t\t\t\t\t\t<p>La gestuelle sensorielle est une pratique issue de la somato-psychop\u00e9dagogie dont la fasciath\u00e9rapie et la m\u00e9ditation pleine pr\u00e9sence font aussi parties.<\/p><p>Cette pratique consiste \u00e0 faire des mouvements en lien avec vos sensations corporelles. Il s&rsquo;agit d&rsquo;une m\u00e9thode douce et respectueuse qui permet de se reconnecter \u00e0 son corps. Elle est donc adapt\u00e9e \u00e0 tous, quel que soit votre \u00e2ge et votre condition physique.<\/p><p>Quand vous traversez des p\u00e9riodes de stress, de mal-\u00eatre ou de tensions, vous avez tendance \u00e0 vous couper de vos sensations et vous bougez de fa\u00e7on automatique.<\/p><p>C&rsquo;est une pratique tr\u00e8s appropri\u00e9e pour accompagner les probl\u00e8mes de mal-\u00eatre et de non-\u00eatre quelle qu&rsquo;en soit la raison. La gestuelle sensorielle permet de retrouver une pr\u00e9sence \u00e0 soi, d&rsquo;\u00e9couter ce que le corps vous laisse percevoir, afin de r\u00e9pondre \u00e0 ses besoins r\u00e9els.<\/p><p>En pratiquant la gymnastique sensorielle vous apprenez \u00e0 rel\u00e2cher vos tensions, \u00e0 retrouver la fluidit\u00e9 dans vos mouvements et vous habitez votre corps avec plus de conscience. Ainsi, votre mental s&rsquo;apaise, votre anxi\u00e9t\u00e9 diminue et vous vous sentez plus vivant et serein.<\/p><p>Petit \u00e0 petit, cette pratique rapide et simple \u00e0 reproduire chez vous, renforce votre confiance en vous car vous d\u00e9couvrez vos ressources internes.\u00a0<\/p><p>Vous d\u00e9couvrez que vous pouvez agir sur votre bien-\u00eatre et que vous avez le pouvoir sur vos sensations et vos \u00e9motions.\u00a0<\/p><p>C&rsquo;est une d\u00e9marche qui favorise l&rsquo;autonomie et qui vous accompagne en douceur vers un mieux-\u00eatre global.<\/p>\t\t\t\t\t\t<\/div>\n\t\t\t\t<\/div>\n\t\t\t\t\t<\/div>\n\t\t\t\t<\/div>\n\t\t<div class=\"elementor-element elementor-element-1a36452 e-flex e-con-boxed e-con e-parent\" data-id=\"1a36452\" data-element_type=\"container\" data-settings=\"{&quot;content_width&quot;:&quot;boxed&quot;}\" data-core-v316-plus=\"true\">\n\t\t\t\t\t<div class=\"e-con-inner\">\n\t\t\t\t<div class=\"elementor-element elementor-element-d7455b6 elementor-widget elementor-widget-heading\" data-id=\"d7455b6\" data-element_type=\"widget\" data-widget_type=\"heading.default\">\n\t\t\t\t<div class=\"elementor-widget-container\">\n\t\t\t<h2 class=\"elementor-heading-title elementor-size-default\">Massage Chi Nei Tsang<\/h2>\t\t<\/div>\n\t\t\t\t<\/div>\n\t\t\t\t\t<\/div>\n\t\t\t\t<\/div>\n\t\t<div class=\"elementor-element elementor-element-cfafa29 e-flex e-con-boxed e-con e-parent\" data-id=\"cfafa29\" data-element_type=\"container\" data-settings=\"{&quot;content_width&quot;:&quot;boxed&quot;}\" data-core-v316-plus=\"true\">\n\t\t\t\t\t<div class=\"e-con-inner\">\n\t\t<div class=\"elementor-element elementor-element-7669339 e-flex e-con-boxed e-con e-child\" data-id=\"7669339\" data-element_type=\"container\" data-settings=\"{&quot;content_width&quot;:&quot;boxed&quot;}\">\n\t\t\t\t\t<div class=\"e-con-inner\">\n\t\t\t\t<div class=\"elementor-element elementor-element-9d2507f elementor-widget elementor-widget-text-editor\" data-id=\"9d2507f\" data-element_type=\"widget\" data-widget_type=\"text-editor.default\">\n\t\t\t\t<div class=\"elementor-widget-container\">\n\t\t\t\t\t\t\t<p>Il s&rsquo;agit d&rsquo;un massage \u00e9nerg\u00e9tique du ventre, si\u00e8ge de nos \u00e9motions. Il lib\u00e8re les tensions des organes abdominaux, soulage les douleurs digestives et d\u00e9noue les \u00e9motions stock\u00e9es dans le ventre.<\/p><p>La sensation de ventre serr\u00e9 li\u00e9e \u00e0 votre anxi\u00e9t\u00e9, votre stress et vos \u00e9motions, se rel\u00e2che progressivement et vous permet de retrouver votre \u00e9nergie.<\/p><p>Ce soin issu de la m\u00e9decine traditionnelle chinoise apporte un bien-\u00eatre physique, \u00e9motionnel et mental.<\/p><p>Cette harmonie entre le mental et le corps contribue \u00e0 votre stabilit\u00e9 \u00e9motionnelle, psychique et physique.<\/p>\t\t\t\t\t\t<\/div>\n\t\t\t\t<\/div>\n\t\t\t\t\t<\/div>\n\t\t\t\t<\/div>\n\t\t\t\t\t<\/div>\n\t\t\t\t<\/div>\n\t\t\t\t<\/div>\n\t\t","protected":false},"excerpt":{"rendered":"<p>OBJECTIFS DE LA LIBERATION EMOTIONNELLE Gr\u00e2ce \u00e0 des protocoles simples, issus de la kin\u00e9siologie, de l&rsquo;EMDR et de la digitoponcture, je vais identifier avec vous les causes profondes de vos difficult\u00e9s et vous permettre d&rsquo;en prendre conscience. Les peurs, les croyances et les sch\u00e9mas de pens\u00e9es qui\u00a0 bloquent votre \u00e9panouissement et votre motivation, seront progressivement [&hellip;]<\/p>\n","protected":false},"author":1,"featured_media":0,"parent":0,"menu_order":0,"comment_status":"closed","ping_status":"closed","template":"","meta":{"ocean_post_layout":"","ocean_both_sidebars_style":"","ocean_both_sidebars_content_width":0,"ocean_both_sidebars_sidebars_width":0,"ocean_sidebar":"","ocean_second_sidebar":"","ocean_disable_margins":"enable","ocean_add_body_class":"","ocean_shortcode_before_top_bar":"","ocean_shortcode_after_top_bar":"","ocean_shortcode_before_header":"","ocean_shortcode_after_header":"","ocean_has_shortcode":"","ocean_shortcode_after_title":"","ocean_shortcode_before_footer_widgets":"","ocean_shortcode_after_footer_widgets":"","ocean_shortcode_before_footer_bottom":"","ocean_shortcode_after_footer_bottom":"","ocean_display_top_bar":"default","ocean_display_header":"default","ocean_header_style":"","ocean_center_header_left_menu":"","ocean_custom_header_template":"","ocean_custom_logo":0,"ocean_custom_retina_logo":0,"ocean_custom_logo_max_width":0,"ocean_custom_logo_tablet_max_width":0,"ocean_custom_logo_mobile_max_width":0,"ocean_custom_logo_max_height":0,"ocean_custom_logo_tablet_max_height":0,"ocean_custom_logo_mobile_max_height":0,"ocean_header_custom_menu":"","ocean_menu_typo_font_family":"","ocean_menu_typo_font_subset":"","ocean_menu_typo_font_size":0,"ocean_menu_typo_font_size_tablet":0,"ocean_menu_typo_font_size_mobile":0,"ocean_menu_typo_font_size_unit":"px","ocean_menu_typo_font_weight":"","ocean_menu_typo_font_weight_tablet":"","ocean_menu_typo_font_weight_mobile":"","ocean_menu_typo_transform":"","ocean_menu_typo_transform_tablet":"","ocean_menu_typo_transform_mobile":"","ocean_menu_typo_line_height":0,"ocean_menu_typo_line_height_tablet":0,"ocean_menu_typo_line_height_mobile":0,"ocean_menu_typo_line_height_unit":"","ocean_menu_typo_spacing":0,"ocean_menu_typo_spacing_tablet":0,"ocean_menu_typo_spacing_mobile":0,"ocean_menu_typo_spacing_unit":"","ocean_menu_link_color":"","ocean_menu_link_color_hover":"","ocean_menu_link_color_active":"","ocean_menu_link_background":"","ocean_menu_link_hover_background":"","ocean_menu_link_active_background":"","ocean_menu_social_links_bg":"","ocean_menu_social_hover_links_bg":"","ocean_menu_social_links_color":"","ocean_menu_social_hover_links_color":"","ocean_disable_title":"default","ocean_disable_heading":"default","ocean_post_title":"","ocean_post_subheading":"","ocean_post_title_style":"","ocean_post_title_background_color":"","ocean_post_title_background":0,"ocean_post_title_bg_image_position":"","ocean_post_title_bg_image_attachment":"","ocean_post_title_bg_image_repeat":"","ocean_post_title_bg_image_size":"","ocean_post_title_height":0,"ocean_post_title_bg_overlay":0.5,"ocean_post_title_bg_overlay_color":"","ocean_disable_breadcrumbs":"default","ocean_breadcrumbs_color":"","ocean_breadcrumbs_separator_color":"","ocean_breadcrumbs_links_color":"","ocean_breadcrumbs_links_hover_color":"","ocean_display_footer_widgets":"default","ocean_display_footer_bottom":"default","ocean_custom_footer_template":"","footnotes":""},"class_list":["post-1105","page","type-page","status-publish","hentry","entry"],"_links":{"self":[{"href":"https:\/\/www.coach-bien-etre-sante.fr\/index.php\/wp-json\/wp\/v2\/pages\/1105","targetHints":{"allow":["GET"]}}],"collection":[{"href":"https:\/\/www.coach-bien-etre-sante.fr\/index.php\/wp-json\/wp\/v2\/pages"}],"about":[{"href":"https:\/\/www.coach-bien-etre-sante.fr\/index.php\/wp-json\/wp\/v2\/types\/page"}],"author":[{"embeddable":true,"href":"https:\/\/www.coach-bien-etre-sante.fr\/index.php\/wp-json\/wp\/v2\/users\/1"}],"replies":[{"embeddable":true,"href":"https:\/\/www.coach-bien-etre-sante.fr\/index.php\/wp-json\/wp\/v2\/comments?post=1105"}],"version-history":[{"count":207,"href":"https:\/\/www.coach-bien-etre-sante.fr\/index.php\/wp-json\/wp\/v2\/pages\/1105\/revisions"}],"predecessor-version":[{"id":1829,"href":"https:\/\/www.coach-bien-etre-sante.fr\/index.php\/wp-json\/wp\/v2\/pages\/1105\/revisions\/1829"}],"wp:attachment":[{"href":"https:\/\/www.coach-bien-etre-sante.fr\/index.php\/wp-json\/wp\/v2\/media?parent=1105"}],"curies":[{"name":"wp","href":"https:\/\/api.w.org\/{rel}","templated":true}]}}